{"id":38,"date":"2025-11-11T17:13:17","date_gmt":"2025-11-11T17:13:17","guid":{"rendered":"https:\/\/www.mijnmond.info\/stoutentandtechniek\/rechten-patient\/"},"modified":"2025-11-11T17:13:17","modified_gmt":"2025-11-11T17:13:17","slug":"rechten-patient","status":"publish","type":"page","link":"https:\/\/www.mijnmond.info\/stoutentandtechniek\/rechten-patient\/","title":{"rendered":"Rechten patient"},"content":{"rendered":"\n<p>Als pati\u00ebnt heeft u een aantal rechten als u een bezoek aan de tandarts brengt.<\/p>\n\n\n\n<p><strong>Recht op informatie gebruikte materialen<\/strong><br>Zo heeft u het recht om te weten welke materialen er in uw mond gaan tijdens de behandeling. Dit is van groot belang. Immers, elk mens is anders. Niet ieder lichaam reageert hetzelfde op bepaalde materialen in de mond.<\/p>\n\n\n\n<figure class=\"wp-block-video\"><video controls src=\"https:\/\/www.mijnmond.info\/wp-content\/uploads\/2025\/09\/recht_van_patient.mp4\"><\/video><\/figure>\n\n\n\n<p>De gebruikte materialen en hun unieke aankoopnummers staan vermeld in de Verklaring van Overeenstemming die door de tandtechnicus wordt opgesteld. Met deze aankoopnumers is bij de leverancier de echtheid van het geleverde materiaal te controleren. Als pati\u00ebnt heeft u het recht om deze Verklaring van Overeenstemming overhandigd te krijgen.<\/p>\n\n\n\n<p>De tandtechnische laboratoria aangesloten bij de Branchevereniging Tandtechniek desgevraagd aan de tandarts een verklaring van overeenstemming. Vraag hierom bij uw tandarts.<br><br><strong>Recht op informatie over fabrikant<\/strong><br>Daarnaast heeft u het recht om te weten door welke fabrikant de specifiek voor u op maat gemaakte tandtechnisch werkstuk heeft geproduceerd. Dan is in geval van onverhoopte klachten in ieder geval duidelijk wie de fabrikant is en of deze fabrikant in Nederland is gevestigd. Ook dat staat vermeld in de Verklaring van Overeenstemming.<br><br><strong>Recht op gespecificeerde rekening<\/strong><br>Tevens heeft u als pati\u00ebnt het recht om gespecificeerd te weten wat de kosten zijn die voor uw behandeling in rekening worden gebracht. Zowel van de kosten van de tandarts als die van het tandtechnisch laboratorium.<\/p>\n\n\n\n<p>De tandtechnische laboratoria aangesloten bij de Branchevereniging Tandtechniek verstrekken uw tandarts desgevraagd twee exemplaren van hun gespecificeerde rekening. E\u00e9n voor de tandarts en \u00e9\u00e9n voor u, de pati\u00ebnt. Vraag hierom bij uw tandarts.<\/p>\n","protected":false},"excerpt":{"rendered":"<p>Als pati\u00ebnt heeft u een aantal rechten als u een bezoek aan de tandarts brengt. Recht op informatie gebruikte materialenZo heeft u &#8230; <\/p>\n","protected":false},"author":2,"featured_media":0,"parent":0,"menu_order":0,"comment_status":"closed","ping_status":"closed","template":"","meta":{"_acf_changed":false,"footnotes":""},"class_list":["post-38","page","type-page","status-publish","hentry"],"acf":[],"yoast_head":"<!-- This site is optimized with the Yoast SEO plugin v26.7 - https:\/\/yoast.com\/wordpress\/plugins\/seo\/ -->\n<title>Rechten patient - Stouten Tandtechniek<\/title>\n<meta name=\"description\" content=\"Als pati\u00ebnt heeft u recht op informatie over gebruikte materialen en fabrikanten \u00e9n op een gespecificeerde rekening van het tandtechnisch laboratorium.\" \/>\n<meta name=\"robots\" content=\"index, follow, max-snippet:-1, max-image-preview:large, max-video-preview:-1\" \/>\n<link rel=\"canonical\" href=\"https:\/\/www.mijnmond.info\/stoutentandtechniek\/rechten-patient\/\" \/>\n<meta property=\"og:locale\" content=\"nl_NL\" \/>\n<meta property=\"og:type\" content=\"article\" \/>\n<meta property=\"og:title\" content=\"Rechten patient - Stouten Tandtechniek\" \/>\n<meta property=\"og:description\" content=\"Als pati\u00ebnt heeft u recht op informatie over gebruikte materialen en fabrikanten \u00e9n op een gespecificeerde rekening van het tandtechnisch laboratorium.\" \/>\n<meta property=\"og:url\" content=\"https:\/\/www.mijnmond.info\/stoutentandtechniek\/rechten-patient\/\" \/>\n<meta property=\"og:site_name\" content=\"Stouten Tandtechniek\" \/>\n<meta name=\"twitter:card\" content=\"summary_large_image\" \/>\n<meta name=\"twitter:label1\" content=\"Geschatte leestijd\" \/>\n\t<meta name=\"twitter:data1\" content=\"2 minuten\" \/>\n<script type=\"application\/ld+json\" class=\"yoast-schema-graph\">{\"@context\":\"https:\/\/schema.org\",\"@graph\":[{\"@type\":\"WebPage\",\"@id\":\"https:\/\/www.mijnmond.info\/stoutentandtechniek\/rechten-patient\/\",\"url\":\"https:\/\/www.mijnmond.info\/stoutentandtechniek\/rechten-patient\/\",\"name\":\"Rechten patient - Stouten Tandtechniek\",\"isPartOf\":{\"@id\":\"https:\/\/www.mijnmond.info\/stoutentandtechniek\/#website\"},\"datePublished\":\"2025-11-11T17:13:17+00:00\",\"description\":\"Als pati\u00ebnt heeft u recht op informatie over gebruikte materialen en fabrikanten \u00e9n op een gespecificeerde rekening van het tandtechnisch laboratorium.\",\"breadcrumb\":{\"@id\":\"https:\/\/www.mijnmond.info\/stoutentandtechniek\/rechten-patient\/#breadcrumb\"},\"inLanguage\":\"nl-NL\",\"potentialAction\":[{\"@type\":\"ReadAction\",\"target\":[\"https:\/\/www.mijnmond.info\/stoutentandtechniek\/rechten-patient\/\"]}]},{\"@type\":\"BreadcrumbList\",\"@id\":\"https:\/\/www.mijnmond.info\/stoutentandtechniek\/rechten-patient\/#breadcrumb\",\"itemListElement\":[{\"@type\":\"ListItem\",\"position\":1,\"name\":\"Home\",\"item\":\"https:\/\/www.mijnmond.info\/stoutentandtechniek\/\"},{\"@type\":\"ListItem\",\"position\":2,\"name\":\"Rechten patient\"}]},{\"@type\":\"WebSite\",\"@id\":\"https:\/\/www.mijnmond.info\/stoutentandtechniek\/#website\",\"url\":\"https:\/\/www.mijnmond.info\/stoutentandtechniek\/\",\"name\":\"Stouten Tandtechniek\",\"description\":\"\",\"publisher\":{\"@id\":\"https:\/\/www.mijnmond.info\/stoutentandtechniek\/#organization\"},\"potentialAction\":[{\"@type\":\"SearchAction\",\"target\":{\"@type\":\"EntryPoint\",\"urlTemplate\":\"https:\/\/www.mijnmond.info\/stoutentandtechniek\/?s={search_term_string}\"},\"query-input\":{\"@type\":\"PropertyValueSpecification\",\"valueRequired\":true,\"valueName\":\"search_term_string\"}}],\"inLanguage\":\"nl-NL\"},{\"@type\":\"Organization\",\"@id\":\"https:\/\/www.mijnmond.info\/stoutentandtechniek\/#organization\",\"name\":\"Stouten Tandtechniek\",\"url\":\"https:\/\/www.mijnmond.info\/stoutentandtechniek\/\",\"logo\":{\"@type\":\"ImageObject\",\"inLanguage\":\"nl-NL\",\"@id\":\"https:\/\/www.mijnmond.info\/stoutentandtechniek\/#\/schema\/logo\/image\/\",\"url\":\"https:\/\/www.mijnmond.info\/stoutentandtechniek\/wp-content\/uploads\/sites\/7\/2025\/11\/cropped-logo_stouten_tandtechniek.jpg\",\"contentUrl\":\"https:\/\/www.mijnmond.info\/stoutentandtechniek\/wp-content\/uploads\/sites\/7\/2025\/11\/cropped-logo_stouten_tandtechniek.jpg\",\"width\":304,\"height\":67,\"caption\":\"Stouten Tandtechniek\"},\"image\":{\"@id\":\"https:\/\/www.mijnmond.info\/stoutentandtechniek\/#\/schema\/logo\/image\/\"}}]}<\/script>\n<!-- \/ Yoast SEO plugin. -->","yoast_head_json":{"title":"Rechten patient - Stouten Tandtechniek","description":"Als pati\u00ebnt heeft u recht op informatie over gebruikte materialen en fabrikanten \u00e9n op een gespecificeerde rekening van het tandtechnisch laboratorium.","robots":{"index":"index","follow":"follow","max-snippet":"max-snippet:-1","max-image-preview":"max-image-preview:large","max-video-preview":"max-video-preview:-1"},"canonical":"https:\/\/www.mijnmond.info\/stoutentandtechniek\/rechten-patient\/","og_locale":"nl_NL","og_type":"article","og_title":"Rechten patient - Stouten Tandtechniek","og_description":"Als pati\u00ebnt heeft u recht op informatie over gebruikte materialen en fabrikanten \u00e9n op een gespecificeerde rekening van het tandtechnisch laboratorium.","og_url":"https:\/\/www.mijnmond.info\/stoutentandtechniek\/rechten-patient\/","og_site_name":"Stouten Tandtechniek","twitter_card":"summary_large_image","twitter_misc":{"Geschatte leestijd":"2 minuten"},"schema":{"@context":"https:\/\/schema.org","@graph":[{"@type":"WebPage","@id":"https:\/\/www.mijnmond.info\/stoutentandtechniek\/rechten-patient\/","url":"https:\/\/www.mijnmond.info\/stoutentandtechniek\/rechten-patient\/","name":"Rechten patient - Stouten Tandtechniek","isPartOf":{"@id":"https:\/\/www.mijnmond.info\/stoutentandtechniek\/#website"},"datePublished":"2025-11-11T17:13:17+00:00","description":"Als pati\u00ebnt heeft u recht op informatie over gebruikte materialen en fabrikanten \u00e9n op een gespecificeerde rekening van het tandtechnisch laboratorium.","breadcrumb":{"@id":"https:\/\/www.mijnmond.info\/stoutentandtechniek\/rechten-patient\/#breadcrumb"},"inLanguage":"nl-NL","potentialAction":[{"@type":"ReadAction","target":["https:\/\/www.mijnmond.info\/stoutentandtechniek\/rechten-patient\/"]}]},{"@type":"BreadcrumbList","@id":"https:\/\/www.mijnmond.info\/stoutentandtechniek\/rechten-patient\/#breadcrumb","itemListElement":[{"@type":"ListItem","position":1,"name":"Home","item":"https:\/\/www.mijnmond.info\/stoutentandtechniek\/"},{"@type":"ListItem","position":2,"name":"Rechten patient"}]},{"@type":"WebSite","@id":"https:\/\/www.mijnmond.info\/stoutentandtechniek\/#website","url":"https:\/\/www.mijnmond.info\/stoutentandtechniek\/","name":"Stouten Tandtechniek","description":"","publisher":{"@id":"https:\/\/www.mijnmond.info\/stoutentandtechniek\/#organization"},"potentialAction":[{"@type":"SearchAction","target":{"@type":"EntryPoint","urlTemplate":"https:\/\/www.mijnmond.info\/stoutentandtechniek\/?s={search_term_string}"},"query-input":{"@type":"PropertyValueSpecification","valueRequired":true,"valueName":"search_term_string"}}],"inLanguage":"nl-NL"},{"@type":"Organization","@id":"https:\/\/www.mijnmond.info\/stoutentandtechniek\/#organization","name":"Stouten Tandtechniek","url":"https:\/\/www.mijnmond.info\/stoutentandtechniek\/","logo":{"@type":"ImageObject","inLanguage":"nl-NL","@id":"https:\/\/www.mijnmond.info\/stoutentandtechniek\/#\/schema\/logo\/image\/","url":"https:\/\/www.mijnmond.info\/stoutentandtechniek\/wp-content\/uploads\/sites\/7\/2025\/11\/cropped-logo_stouten_tandtechniek.jpg","contentUrl":"https:\/\/www.mijnmond.info\/stoutentandtechniek\/wp-content\/uploads\/sites\/7\/2025\/11\/cropped-logo_stouten_tandtechniek.jpg","width":304,"height":67,"caption":"Stouten Tandtechniek"},"image":{"@id":"https:\/\/www.mijnmond.info\/stoutentandtechniek\/#\/schema\/logo\/image\/"}}]}},"_links":{"self":[{"href":"https:\/\/www.mijnmond.info\/stoutentandtechniek\/wp-json\/wp\/v2\/pages\/38","targetHints":{"allow":["GET"]}}],"collection":[{"href":"https:\/\/www.mijnmond.info\/stoutentandtechniek\/wp-json\/wp\/v2\/pages"}],"about":[{"href":"https:\/\/www.mijnmond.info\/stoutentandtechniek\/wp-json\/wp\/v2\/types\/page"}],"author":[{"embeddable":true,"href":"https:\/\/www.mijnmond.info\/stoutentandtechniek\/wp-json\/wp\/v2\/users\/2"}],"replies":[{"embeddable":true,"href":"https:\/\/www.mijnmond.info\/stoutentandtechniek\/wp-json\/wp\/v2\/comments?post=38"}],"version-history":[{"count":0,"href":"https:\/\/www.mijnmond.info\/stoutentandtechniek\/wp-json\/wp\/v2\/pages\/38\/revisions"}],"wp:attachment":[{"href":"https:\/\/www.mijnmond.info\/stoutentandtechniek\/wp-json\/wp\/v2\/media?parent=38"}],"curies":[{"name":"wp","href":"https:\/\/api.w.org\/{rel}","templated":true}]}}